
{"id":23,"date":"2026-03-22T17:51:35","date_gmt":"2026-03-22T17:51:35","guid":{"rendered":"https:\/\/inzinerijossavaite.lt\/?page_id=23"},"modified":"2026-03-22T17:55:32","modified_gmt":"2026-03-22T17:55:32","slug":"verslui-ir-inzinieriams","status":"publish","type":"page","link":"https:\/\/inzinerijossavaite.lt\/?page_id=23","title":{"rendered":"Verslui ir in\u017einieriams"},"content":{"rendered":"<p style=\"text-align: center;\"><strong>Pad\u0117kite jaunajai kartai atrasti in\u017einerij\u0105.<\/strong><br \/>\nIn\u017einerijos savait\u0117 \u2013 tai galimyb\u0117 verslo ir technologij\u0173 profesionalams<br \/>\nprisid\u0117ti prie Lietuvos ateities k\u016brimo.<br \/>\nKvie\u010diame prisijungti: \u2022 in\u017einierius, \u2022 architektus, \u2022 statybos specialistus, \u2022 technologij\u0173 k\u016br\u0117jus,<br \/>\n\u2022 \u012fmoni\u0173 vadovus, \u2022 kit\u0173 in\u017einerijos sri\u010di\u0173 profesionalus<\/p>\n","protected":false},"excerpt":{"rendered":"<p>Pad\u0117kite jaunajai kartai atrasti in\u017einerij\u0105. In\u017einerijos savait\u0117 \u2013 tai galimyb\u0117 verslo ir technologij\u0173 profesionalams prisid\u0117ti prie Lietuvos ateities k\u016brimo. Kvie\u010diame prisijungti: \u2022 in\u017einierius, \u2022 architektus, \u2022 statybos specialistus, \u2022 technologij\u0173 k\u016br\u0117jus, \u2022 \u012fmoni\u0173 vadovus, \u2022 kit\u0173 in\u017einerijos sri\u010di\u0173 profesionalus<\/p>\n","protected":false},"author":1,"featured_media":0,"parent":0,"menu_order":0,"comment_status":"closed","ping_status":"closed","template":"default-page.php","meta":{"footnotes":""},"class_list":["post-23","page","type-page","status-publish","hentry"],"_links":{"self":[{"href":"https:\/\/inzinerijossavaite.lt\/index.php?rest_route=\/wp\/v2\/pages\/23","targetHints":{"allow":["GET"]}}],"collection":[{"href":"https:\/\/inzinerijossavaite.lt\/index.php?rest_route=\/wp\/v2\/pages"}],"about":[{"href":"https:\/\/inzinerijossavaite.lt\/index.php?rest_route=\/wp\/v2\/types\/page"}],"author":[{"embeddable":true,"href":"https:\/\/inzinerijossavaite.lt\/index.php?rest_route=\/wp\/v2\/users\/1"}],"replies":[{"embeddable":true,"href":"https:\/\/inzinerijossavaite.lt\/index.php?rest_route=%2Fwp%2Fv2%2Fcomments&post=23"}],"version-history":[{"count":1,"href":"https:\/\/inzinerijossavaite.lt\/index.php?rest_route=\/wp\/v2\/pages\/23\/revisions"}],"predecessor-version":[{"id":24,"href":"https:\/\/inzinerijossavaite.lt\/index.php?rest_route=\/wp\/v2\/pages\/23\/revisions\/24"}],"wp:attachment":[{"href":"https:\/\/inzinerijossavaite.lt\/index.php?rest_route=%2Fwp%2Fv2%2Fmedia&parent=23"}],"curies":[{"name":"wp","href":"https:\/\/api.w.org\/{rel}","templated":true}]}}