
{"id":34,"date":"2026-03-22T18:12:18","date_gmt":"2026-03-22T18:12:18","guid":{"rendered":"https:\/\/inzinerijossavaite.lt\/?page_id=34"},"modified":"2026-03-22T19:07:54","modified_gmt":"2026-03-22T19:07:54","slug":"renginiai","status":"publish","type":"page","link":"https:\/\/inzinerijossavaite.lt\/?page_id=34","title":{"rendered":"Renginiai"},"content":{"rendered":"<p>Partneriai V\u0161\u012e Vilniaus statybinink\u0173 rengimo centras<br \/>\n2026 m. kovo 26 d. kvie\u010dia \u012f Pavasario mug\u0119.<\/p>\n<p><a class=\"styled-button primary\" href=\"https:\/\/vsrc.lt\/\">REGISTRUOTIS<\/a><\/p>\n","protected":false},"excerpt":{"rendered":"<p>Partneriai V\u0161\u012e Vilniaus statybinink\u0173 rengimo centras 2026 m. kovo 26 d. kvie\u010dia \u012f Pavasario mug\u0119. REGISTRUOTIS<\/p>\n","protected":false},"author":1,"featured_media":0,"parent":0,"menu_order":0,"comment_status":"closed","ping_status":"closed","template":"events-page.php","meta":{"footnotes":""},"class_list":["post-34","page","type-page","status-publish","hentry"],"_links":{"self":[{"href":"https:\/\/inzinerijossavaite.lt\/index.php?rest_route=\/wp\/v2\/pages\/34","targetHints":{"allow":["GET"]}}],"collection":[{"href":"https:\/\/inzinerijossavaite.lt\/index.php?rest_route=\/wp\/v2\/pages"}],"about":[{"href":"https:\/\/inzinerijossavaite.lt\/index.php?rest_route=\/wp\/v2\/types\/page"}],"author":[{"embeddable":true,"href":"https:\/\/inzinerijossavaite.lt\/index.php?rest_route=\/wp\/v2\/users\/1"}],"replies":[{"embeddable":true,"href":"https:\/\/inzinerijossavaite.lt\/index.php?rest_route=%2Fwp%2Fv2%2Fcomments&post=34"}],"version-history":[{"count":2,"href":"https:\/\/inzinerijossavaite.lt\/index.php?rest_route=\/wp\/v2\/pages\/34\/revisions"}],"predecessor-version":[{"id":48,"href":"https:\/\/inzinerijossavaite.lt\/index.php?rest_route=\/wp\/v2\/pages\/34\/revisions\/48"}],"wp:attachment":[{"href":"https:\/\/inzinerijossavaite.lt\/index.php?rest_route=%2Fwp%2Fv2%2Fmedia&parent=34"}],"curies":[{"name":"wp","href":"https:\/\/api.w.org\/{rel}","templated":true}]}}