
{"id":8,"date":"2026-03-21T12:04:46","date_gmt":"2026-03-21T12:04:46","guid":{"rendered":"https:\/\/inzinerijossavaite.lt\/?page_id=8"},"modified":"2026-03-22T17:34:22","modified_gmt":"2026-03-22T17:34:22","slug":"izninerijos-savaite","status":"publish","type":"page","link":"https:\/\/inzinerijossavaite.lt\/","title":{"rendered":"I\u017eninerijos savait\u0117"},"content":{"rendered":"<p style=\"text-align: center;\"><strong>In\u017einerijos savait\u0117<\/strong> \u2013 tai statybos verslo, in\u017einieri\u0173 ir \u0161vietimo bendruomen\u0117s iniciatyva, kurios metu moksleiviai per \u012ftraukian\u010dius susitikimus, reali\u0173 projekt\u0173 pristatymus ir gyvus pokalbius susipa\u017e\u012fsta su modernios in\u017einerijos pasauliu bei karjeros galimyb\u0117mis.<br \/>\n<strong>Kada?<\/strong> \ud83d\udcc5 <strong>2026 m. baland\u017eio 13\u201317 d.<\/strong><br \/>\n<strong>Kur?<\/strong> \ud83c\udfeb Mokyklose visoje Lietuvoje arba \u012fmon\u0117se ir statybos objektuose<br \/>\n<strong>Kas dalyvauja?<\/strong> \ud83d\udc77 Statybos verslo atstovai, in\u017einieriai, technologij\u0173 specialistai, mokslininkai ir architektai.<br \/>\n<strong>Kod\u0117l?<\/strong> \ud83d\udca1 Kad pa\u017eadintume smalsum\u0105 \u2013 i\u0161 jo gimsta id\u0117jos, inovacijos ir ateities profesijos.<\/p>\n","protected":false},"excerpt":{"rendered":"<p>In\u017einerijos savait\u0117 \u2013 tai statybos verslo, in\u017einieri\u0173 ir \u0161vietimo bendruomen\u0117s iniciatyva, kurios metu moksleiviai per \u012ftraukian\u010dius susitikimus, reali\u0173 projekt\u0173 pristatymus ir gyvus pokalbius susipa\u017e\u012fsta su modernios in\u017einerijos pasauliu bei karjeros galimyb\u0117mis. Kada? \ud83d\udcc5 2026 m. baland\u017eio 13\u201317 d. Kur? \ud83c\udfeb Mokyklose visoje Lietuvoje arba \u012fmon\u0117se ir statybos objektuose Kas dalyvauja? \ud83d\udc77 Statybos verslo atstovai, in\u017einieriai, [&hellip;]<\/p>\n","protected":false},"author":1,"featured_media":0,"parent":0,"menu_order":0,"comment_status":"closed","ping_status":"closed","template":"default-page.php","meta":{"footnotes":""},"class_list":["post-8","page","type-page","status-publish","hentry"],"_links":{"self":[{"href":"https:\/\/inzinerijossavaite.lt\/index.php?rest_route=\/wp\/v2\/pages\/8","targetHints":{"allow":["GET"]}}],"collection":[{"href":"https:\/\/inzinerijossavaite.lt\/index.php?rest_route=\/wp\/v2\/pages"}],"about":[{"href":"https:\/\/inzinerijossavaite.lt\/index.php?rest_route=\/wp\/v2\/types\/page"}],"author":[{"embeddable":true,"href":"https:\/\/inzinerijossavaite.lt\/index.php?rest_route=\/wp\/v2\/users\/1"}],"replies":[{"embeddable":true,"href":"https:\/\/inzinerijossavaite.lt\/index.php?rest_route=%2Fwp%2Fv2%2Fcomments&post=8"}],"version-history":[{"count":4,"href":"https:\/\/inzinerijossavaite.lt\/index.php?rest_route=\/wp\/v2\/pages\/8\/revisions"}],"predecessor-version":[{"id":14,"href":"https:\/\/inzinerijossavaite.lt\/index.php?rest_route=\/wp\/v2\/pages\/8\/revisions\/14"}],"wp:attachment":[{"href":"https:\/\/inzinerijossavaite.lt\/index.php?rest_route=%2Fwp%2Fv2%2Fmedia&parent=8"}],"curies":[{"name":"wp","href":"https:\/\/api.w.org\/{rel}","templated":true}]}}